{"id":290,"date":"2021-12-07T16:39:06","date_gmt":"2021-12-07T16:39:06","guid":{"rendered":"https:\/\/auroralimentos.com\/?page_id=290"},"modified":"2025-02-17T17:48:23","modified_gmt":"2025-02-17T17:48:23","slug":"industrial-unitsplants-sif","status":"publish","type":"page","link":"https:\/\/auroralimentos.com\/index.php\/industrial-unitsplants-sif\/","title":{"rendered":"Industrial Units(Plants-SIF)"},"content":{"rendered":"\t\t<div data-elementor-type=\"wp-page\" data-elementor-id=\"290\" class=\"elementor elementor-290\">\n\t\t\t\t\t\t<section class=\"elementor-section elementor-top-section elementor-element elementor-element-c3f1c36 elementor-section-boxed elementor-section-height-default elementor-section-height-default\" data-id=\"c3f1c36\" data-element_type=\"section\" data-e-type=\"section\">\n\t\t\t\t\t\t<div class=\"elementor-container elementor-column-gap-default\">\n\t\t\t\t\t<div class=\"elementor-column elementor-col-100 elementor-top-column elementor-element elementor-element-41f607e\" data-id=\"41f607e\" data-element_type=\"column\" data-e-type=\"column\">\n\t\t\t<div class=\"elementor-widget-wrap elementor-element-populated\">\n\t\t\t\t\t\t<div class=\"elementor-element elementor-element-f6d254e elementor-widget elementor-widget-image\" data-id=\"f6d254e\" data-element_type=\"widget\" data-e-type=\"widget\" data-widget_type=\"image.default\">\n\t\t\t\t<div class=\"elementor-widget-container\">\n\t\t\t\t\t\t\t\t\t\t\t\t\t\t\t<img fetchpriority=\"high\" decoding=\"async\" width=\"889\" height=\"815\" src=\"https:\/\/auroralimentos.com\/wp-content\/uploads\/2021\/12\/units-mapa-v2.png\" class=\"attachment-large size-large wp-image-292\" alt=\"\" srcset=\"https:\/\/auroralimentos.com\/wp-content\/uploads\/2021\/12\/units-mapa-v2.png 889w, https:\/\/auroralimentos.com\/wp-content\/uploads\/2021\/12\/units-mapa-v2-300x275.png 300w, https:\/\/auroralimentos.com\/wp-content\/uploads\/2021\/12\/units-mapa-v2-768x704.png 768w\" sizes=\"(max-width: 889px) 100vw, 889px\" \/>\t\t\t\t\t\t\t\t\t\t\t\t\t\t\t<\/div>\n\t\t\t\t<\/div>\n\t\t\t\t\t<\/div>\n\t\t<\/div>\n\t\t\t\t\t<\/div>\n\t\t<\/section>\n\t\t\t\t<section class=\"elementor-section elementor-top-section elementor-element elementor-element-9022e7e elementor-section-boxed elementor-section-height-default elementor-section-height-default\" data-id=\"9022e7e\" data-element_type=\"section\" data-e-type=\"section\">\n\t\t\t\t\t\t<div class=\"elementor-container elementor-column-gap-default\">\n\t\t\t\t\t<div class=\"elementor-column elementor-col-100 elementor-top-column elementor-element elementor-element-f019ee6\" data-id=\"f019ee6\" data-element_type=\"column\" data-e-type=\"column\">\n\t\t\t<div class=\"elementor-widget-wrap elementor-element-populated\">\n\t\t\t\t\t\t<div class=\"elementor-element elementor-element-cfd27d5 elementor-widget elementor-widget-text-editor\" data-id=\"cfd27d5\" data-element_type=\"widget\" data-e-type=\"widget\" data-widget_type=\"text-editor.default\">\n\t\t\t\t<div class=\"elementor-widget-container\">\n\t\t\t\t\t\t\t\t\t<div class=\"row\"><div class=\"col-2\"><img decoding=\"async\" class=\"img-fluid float-right\" src=\"https:\/\/www.auroraalimentos.com.br\/img\/units-ico-1.png?v=2\" \/><\/div><div class=\"col-10 text-left\"><strong>1. SIF 3548 &#8211; Chapec\u00f3 &#8211; SC<\/strong><br \/><strong>2. SIF 828 &#8211; Chapec\u00f3 &#8211; SC<\/strong><br \/><strong>3. SIF 772 &#8211; Erechim &#8211; RS<\/strong><br \/><strong>4. SIF 784 &#8211; Joa\u00e7aba &#8211; SC<\/strong><br \/><strong>5. SIF 450 &#8211; S\u00e3o Gabriel do Oeste &#8211; MS<\/strong><br \/><strong>6. SIF 2183 &#8211; S\u00e3o Miguel do Oeste &#8211; SC<\/strong><br \/><strong>7. SIF 3847 &#8211; Sarandi &#8211; RS<\/strong><\/div><\/div><div class=\"row m-t-30\"><div class=\"col-2\"><strong><img decoding=\"async\" class=\"img-fluid float-right\" src=\"https:\/\/www.auroraalimentos.com.br\/img\/units-ico-2.png?v=2\" \/><\/strong><\/div><div class=\"col-10 text-left\"><strong>1. SIF 2512 &#8211; Abelardo Luz &#8211; SC<\/strong><br \/><strong>2. SIF 1084 &#8211; Guatambu &#8211; SC<\/strong><br \/><strong>3. SIF 68 &#8211; Erechim &#8211; RS<\/strong><br \/><strong>4. SIF 664 &#8211; Mandaguari &#8211; PR<\/strong><br \/><strong>5. SIF 3125 &#8211; Maravilha &#8211; SC<\/strong><br \/><strong>6. SIF 1798 &#8211; Quilombo &#8211; SC<\/strong><br \/><strong>7. SIF 601 &#8211; Xaxim &#8211; SC<\/strong><br \/><strong>8. SIF 4620 &#8211; Tapejara &#8211; RS<\/strong><br \/><strong>9. SIF 1850 &#8211; Tapejara &#8211; RS<\/strong><\/div><\/div><div class=\"row m-t-30\"><div class=\"col-2\"><img decoding=\"async\" class=\"img-fluid float-right\" src=\"https:\/\/www.auroraalimentos.com.br\/img\/units-ico-3.png?v=2\" \/><\/div><div class=\"col-10 text-left\"><strong>1. SIF 1894 &#8211; Pinhalzinho &#8211; SC<\/strong><\/div><\/div>\t\t\t\t\t\t\t\t<\/div>\n\t\t\t\t<\/div>\n\t\t\t\t\t<\/div>\n\t\t<\/div>\n\t\t\t\t\t<\/div>\n\t\t<\/section>\n\t\t\t\t<section class=\"elementor-section elementor-top-section elementor-element elementor-element-84966f9 elementor-section-boxed elementor-section-height-default elementor-section-height-default\" data-id=\"84966f9\" data-element_type=\"section\" data-e-type=\"section\">\n\t\t\t\t\t\t<div class=\"elementor-container elementor-column-gap-default\">\n\t\t\t\t\t<div class=\"elementor-column elementor-col-100 elementor-top-column elementor-element elementor-element-5d2e7f2\" data-id=\"5d2e7f2\" data-element_type=\"column\" data-e-type=\"column\">\n\t\t\t<div class=\"elementor-widget-wrap elementor-element-populated\">\n\t\t\t\t\t\t<div class=\"elementor-element elementor-element-b775415 elementor-widget elementor-widget-button\" data-id=\"b775415\" data-element_type=\"widget\" data-e-type=\"widget\" data-widget_type=\"button.default\">\n\t\t\t\t<div class=\"elementor-widget-container\">\n\t\t\t\t\t\t\t\t\t<div class=\"elementor-button-wrapper\">\n\t\t\t\t\t<a class=\"elementor-button elementor-button-link elementor-size-sm\" href=\"https:\/\/auroralimentos.com\/index.php\/contact-us\/\">\n\t\t\t\t\t\t<span class=\"elementor-button-content-wrapper\">\n\t\t\t\t\t\t\t\t\t<span class=\"elementor-button-text\">CONTACT FOR MORE INFORMATON<\/span>\n\t\t\t\t\t<\/span>\n\t\t\t\t\t<\/a>\n\t\t\t\t<\/div>\n\t\t\t\t\t\t\t\t<\/div>\n\t\t\t\t<\/div>\n\t\t\t\t\t<\/div>\n\t\t<\/div>\n\t\t\t\t\t<\/div>\n\t\t<\/section>\n\t\t\t\t<\/div>\n\t\t","protected":false},"excerpt":{"rendered":"<p>1. SIF 3548 &#8211; Chapec\u00f3 &#8211; SC2. SIF 828 &#8211; Chapec\u00f3 &#8211; SC3. SIF 772 &#8211; Erechim &#8211; RS4. SIF 784 &#8211; Joa\u00e7aba &#8211; SC5. SIF 450 &#8211; S\u00e3o Gabriel do Oeste &#8211; MS6. SIF 2183 &#8211; S\u00e3o Miguel do Oeste &#8211; SC7. SIF 3847 &#8211; Sarandi &#8211; RS1. SIF 2512 &#8211; Abelardo Luz &#8211; [&hellip;]<\/p>\n","protected":false},"author":1,"featured_media":0,"parent":0,"menu_order":0,"comment_status":"closed","ping_status":"closed","template":"","meta":{"_monsterinsights_skip_tracking":false,"_monsterinsights_sitenote_active":false,"_monsterinsights_sitenote_note":"","_monsterinsights_sitenote_category":0,"ocean_post_layout":"","ocean_both_sidebars_style":"","ocean_both_sidebars_content_width":0,"ocean_both_sidebars_sidebars_width":0,"ocean_sidebar":"0","ocean_second_sidebar":"0","ocean_disable_margins":"enable","ocean_add_body_class":"","ocean_shortcode_before_top_bar":"","ocean_shortcode_after_top_bar":"","ocean_shortcode_before_header":"","ocean_shortcode_after_header":"","ocean_has_shortcode":"","ocean_shortcode_after_title":"","ocean_shortcode_before_footer_widgets":"","ocean_shortcode_after_footer_widgets":"","ocean_shortcode_before_footer_bottom":"","ocean_shortcode_after_footer_bottom":"","ocean_display_top_bar":"default","ocean_display_header":"default","ocean_header_style":"","ocean_center_header_left_menu":"0","ocean_custom_header_template":"0","ocean_custom_logo":0,"ocean_custom_retina_logo":0,"ocean_custom_logo_max_width":0,"ocean_custom_logo_tablet_max_width":0,"ocean_custom_logo_mobile_max_width":0,"ocean_custom_logo_max_height":0,"ocean_custom_logo_tablet_max_height":0,"ocean_custom_logo_mobile_max_height":0,"ocean_header_custom_menu":"0","ocean_menu_typo_font_family":"0","ocean_menu_typo_font_subset":"","ocean_menu_typo_font_size":0,"ocean_menu_typo_font_size_tablet":0,"ocean_menu_typo_font_size_mobile":0,"ocean_menu_typo_font_size_unit":"px","ocean_menu_typo_font_weight":"","ocean_menu_typo_font_weight_tablet":"","ocean_menu_typo_font_weight_mobile":"","ocean_menu_typo_transform":"","ocean_menu_typo_transform_tablet":"","ocean_menu_typo_transform_mobile":"","ocean_menu_typo_line_height":0,"ocean_menu_typo_line_height_tablet":0,"ocean_menu_typo_line_height_mobile":0,"ocean_menu_typo_line_height_unit":"","ocean_menu_typo_spacing":0,"ocean_menu_typo_spacing_tablet":0,"ocean_menu_typo_spacing_mobile":0,"ocean_menu_typo_spacing_unit":"","ocean_menu_link_color":"","ocean_menu_link_color_hover":"","ocean_menu_link_color_active":"","ocean_menu_link_background":"","ocean_menu_link_hover_background":"","ocean_menu_link_active_background":"","ocean_menu_social_links_bg":"","ocean_menu_social_hover_links_bg":"","ocean_menu_social_links_color":"","ocean_menu_social_hover_links_color":"","ocean_disable_title":"default","ocean_disable_heading":"default","ocean_post_title":"","ocean_post_subheading":"","ocean_post_title_style":"","ocean_post_title_background_color":"","ocean_post_title_background":0,"ocean_post_title_bg_image_position":"","ocean_post_title_bg_image_attachment":"","ocean_post_title_bg_image_repeat":"","ocean_post_title_bg_image_size":"","ocean_post_title_height":0,"ocean_post_title_bg_overlay":0.5,"ocean_post_title_bg_overlay_color":"","ocean_disable_breadcrumbs":"default","ocean_breadcrumbs_color":"","ocean_breadcrumbs_separator_color":"","ocean_breadcrumbs_links_color":"","ocean_breadcrumbs_links_hover_color":"","ocean_display_footer_widgets":"default","ocean_display_footer_bottom":"default","ocean_custom_footer_template":"0","footnotes":""},"class_list":["post-290","page","type-page","status-publish","hentry","entry"],"aioseo_notices":[],"_links":{"self":[{"href":"https:\/\/auroralimentos.com\/index.php\/wp-json\/wp\/v2\/pages\/290","targetHints":{"allow":["GET"]}}],"collection":[{"href":"https:\/\/auroralimentos.com\/index.php\/wp-json\/wp\/v2\/pages"}],"about":[{"href":"https:\/\/auroralimentos.com\/index.php\/wp-json\/wp\/v2\/types\/page"}],"author":[{"embeddable":true,"href":"https:\/\/auroralimentos.com\/index.php\/wp-json\/wp\/v2\/users\/1"}],"replies":[{"embeddable":true,"href":"https:\/\/auroralimentos.com\/index.php\/wp-json\/wp\/v2\/comments?post=290"}],"version-history":[{"count":7,"href":"https:\/\/auroralimentos.com\/index.php\/wp-json\/wp\/v2\/pages\/290\/revisions"}],"predecessor-version":[{"id":1611,"href":"https:\/\/auroralimentos.com\/index.php\/wp-json\/wp\/v2\/pages\/290\/revisions\/1611"}],"wp:attachment":[{"href":"https:\/\/auroralimentos.com\/index.php\/wp-json\/wp\/v2\/media?parent=290"}],"curies":[{"name":"wp","href":"https:\/\/api.w.org\/{rel}","templated":true}]}}